{"id":65550,"date":"2017-08-30T11:33:14","date_gmt":"2017-08-30T09:33:14","guid":{"rendered":"https:\/\/undsgn.com\/uncode\/?page_id=65550"},"modified":"2025-02-07T13:57:41","modified_gmt":"2025-02-07T12:57:41","slug":"classic-firm","status":"publish","type":"page","link":"https:\/\/apecqm-ltd.com\/","title":{"rendered":"Home"},"content":{"rendered":"<p>[vc_row unlock_row_content=&#8220;yes&#8220; row_height_percent=&#8220;100&#8243; override_padding=&#8220;yes&#8220; h_padding=&#8220;2&#8243; top_padding=&#8220;3&#8243; bottom_padding=&#8220;5&#8243; back_image=&#8220;103302&#8243; overlay_color=&#8220;color-jevc&#8220; overlay_alpha=&#8220;31&#8243; equal_height=&#8220;yes&#8220; gutter_size=&#8220;0&#8243; column_width_use_pixel=&#8220;yes&#8220; shift_y=&#8220;0&#8243; z_index=&#8220;0&#8243; row_name=&#8220;Welcome&#8220; uncode_shortcode_id=&#8220;848962&#8243; overlay_color_type=&#8220;uncode-palette&#8220;][vc_column column_width_percent=&#8220;100&#8243; position_vertical=&#8220;middle&#8220; align_horizontal=&#8220;align_center&#8220; gutter_size=&#8220;2&#8243; style=&#8220;dark&#8220; overlay_alpha=&#8220;50&#8243; shift_x=&#8220;0&#8243; shift_y=&#8220;0&#8243; shift_y_down=&#8220;0&#8243; z_index=&#8220;0&#8243; medium_width=&#8220;0&#8243; mobile_width=&#8220;0&#8243; css_animation=&#8220;bottom-t-top&#8220; animation_speed=&#8220;1000&#8243; width=&#8220;1\/1&#8243; uncode_shortcode_id=&#8220;138343&#8243;][vc_single_image media=&#8220;103224&#8243; media_width_percent=&#8220;46&#8243; alignment=&#8220;center&#8220; uncode_shortcode_id=&#8220;110999&#8243;][vc_custom_heading uncode_shortcode_id=&#8220;118679&#8243;]<\/p>\n<div style=\"display: flex; justify-content: center; flex-wrap: wrap;\">\n<div>\n<h1 style=\"font-size: 80px;\">Sie importieren Waren aus China<\/h1>\n<h2>oder beabsichtigen, dies zu tun<\/h2>\n<\/div>\n<div>\n<h1 style=\"font-size: 300px; margin-top: -70px; padding-left: 32px;\">?<\/h1>\n<\/div>\n<\/div>\n<p>[\/vc_custom_heading][vc_icon icon=&#8220;fa fa-arrow-down4&#8243; background_style=&#8220;fa-rounded&#8220; size=&#8220;fa-2x&#8220; outline=&#8220;yes&#8220; css_animation=&#8220;bottom-t-top&#8220; animation_speed=&#8220;1000&#8243; animation_delay=&#8220;400&#8243; uncode_shortcode_id=&#8220;205698&#8243; link=&#8220;url:%23about&#8220;][\/vc_icon][\/vc_column][\/vc_row][vc_row unlock_row_content=&#8220;yes&#8220; row_height_percent=&#8220;100&#8243; override_padding=&#8220;yes&#8220; h_padding=&#8220;3&#8243; top_padding=&#8220;5&#8243; bottom_padding=&#8220;5&#8243; back_color=&#8220;color-xsdn&#8220; overlay_alpha=&#8220;50&#8243; gutter_size=&#8220;4&#8243; column_width_percent=&#8220;100&#8243; shift_y=&#8220;0&#8243; z_index=&#8220;0&#8243; uncode_shortcode_id=&#8220;170456&#8243; back_color_type=&#8220;uncode-palette&#8220; row_name=&#8220;about&#8220;][vc_column column_width_percent=&#8220;100&#8243; position_vertical=&#8220;middle&#8220; align_horizontal=&#8220;align_center&#8220; gutter_size=&#8220;4&#8243; overlay_alpha=&#8220;50&#8243; shift_x=&#8220;0&#8243; shift_y=&#8220;0&#8243; shift_y_down=&#8220;0&#8243; z_index=&#8220;0&#8243; medium_width=&#8220;0&#8243; mobile_width=&#8220;0&#8243; css_animation=&#8220;alpha-anim&#8220; animation_speed=&#8220;1000&#8243; width=&#8220;1\/1&#8243; uncode_shortcode_id=&#8220;193376&#8243;][vc_custom_heading text_size=&#8220;h1&#8243; text_weight=&#8220;300&#8243; uncode_shortcode_id=&#8220;144208&#8243;]<\/p>\n<h1><strong>Nutzen Sie den Vorteil der Qualit\u00e4tskontrolle vor Ort durch ein qualifiziertes Unternehmen. <\/strong><\/h1>\n<p>&nbsp;<\/p>\n<h1><strong>Wir von APEC-QM w\u00fcrden diese Aufgabe gerne f\u00fcr Sie \u00fcbernehmen.<\/strong><\/h1>\n<p>[\/vc_custom_heading][vc_empty_space empty_h=&#8220;2&#8243;][vc_row_inner row_inner_height_percent=&#8220;0&#8243; overlay_alpha=&#8220;50&#8243; gutter_size=&#8220;4&#8243; shift_y=&#8220;0&#8243; z_index=&#8220;0&#8243; limit_content=&#8220;&#8220;][vc_column_inner column_width_percent=&#8220;100&#8243; gutter_size=&#8220;3&#8243; overlay_alpha=&#8220;50&#8243; shift_x=&#8220;0&#8243; shift_y=&#8220;0&#8243; shift_y_down=&#8220;0&#8243; z_index=&#8220;0&#8243; medium_width=&#8220;0&#8243; mobile_width=&#8220;0&#8243; width=&#8220;1\/2&#8243; uncode_shortcode_id=&#8220;152586&#8243;][vc_custom_heading heading_semantic=&#8220;h3&#8243; text_size=&#8220;h3&#8243; uncode_shortcode_id=&#8220;133884&#8243;]Durchschnittliche Reklamationsquoten in China betragen 3%-8%.<\/p>\n<p>Wir reduzieren diese auf 0% &#8211; mit Garantie![\/vc_custom_heading][vc_custom_heading heading_semantic=&#8220;h3&#8243; text_size=&#8220;h3&#8243; uncode_shortcode_id=&#8220;112093&#8243;]Wir kennen das Gesch\u00e4ft durch unsere 30 j\u00e4hrige Erfahrung am Produktionsstandort China.[\/vc_custom_heading][\/vc_column_inner][vc_column_inner column_width_percent=&#8220;100&#8243; gutter_size=&#8220;3&#8243; overlay_alpha=&#8220;50&#8243; shift_x=&#8220;0&#8243; shift_y=&#8220;0&#8243; shift_y_down=&#8220;0&#8243; z_index=&#8220;0&#8243; medium_width=&#8220;0&#8243; mobile_width=&#8220;0&#8243; width=&#8220;1\/2&#8243; uncode_shortcode_id=&#8220;879875&#8243;][vc_single_image media=&#8220;103318&#8243; media_width_percent=&#8220;100&#8243; uncode_shortcode_id=&#8220;619614&#8243;][\/vc_column_inner][\/vc_row_inner][vc_row_inner row_inner_height_percent=&#8220;0&#8243; overlay_alpha=&#8220;50&#8243; gutter_size=&#8220;4&#8243; shift_y=&#8220;0&#8243; z_index=&#8220;0&#8243; limit_content=&#8220;&#8220;][vc_column_inner column_width_percent=&#8220;100&#8243; gutter_size=&#8220;3&#8243; overlay_alpha=&#8220;50&#8243; shift_x=&#8220;0&#8243; shift_y=&#8220;0&#8243; shift_y_down=&#8220;0&#8243; z_index=&#8220;0&#8243; medium_width=&#8220;0&#8243; mobile_width=&#8220;0&#8243; width=&#8220;1\/2&#8243; uncode_shortcode_id=&#8220;152586&#8243;][vc_single_image media=&#8220;103322&#8243; media_width_percent=&#8220;100&#8243; css_animation=&#8220;zoom-out&#8220; uncode_shortcode_id=&#8220;138671&#8243;][\/vc_column_inner][vc_column_inner column_width_percent=&#8220;100&#8243; gutter_size=&#8220;3&#8243; overlay_alpha=&#8220;50&#8243; shift_x=&#8220;0&#8243; shift_y=&#8220;0&#8243; shift_y_down=&#8220;0&#8243; z_index=&#8220;0&#8243; medium_width=&#8220;0&#8243; mobile_width=&#8220;0&#8243; width=&#8220;1\/2&#8243; uncode_shortcode_id=&#8220;879875&#8243;][vc_custom_heading heading_semantic=&#8220;h3&#8243; text_size=&#8220;h3&#8243; uncode_shortcode_id=&#8220;162784&#8243;]APEC-QM arbeitet unter europ\u00e4ischer Leitung.<\/p>\n<p>&nbsp;<\/p>\n<p>Unsere Pr\u00fcfer sind nach europ\u00e4ischen Standards ausgebildete Inspektoren.[\/vc_custom_heading][vc_column_text uncode_shortcode_id=&#8220;231103&#8243;][\/vc_column_text][vc_custom_heading heading_semantic=&#8220;h3&#8243; text_size=&#8220;h3&#8243; uncode_shortcode_id=&#8220;864328&#8243;]APEC-QM<\/p>\n<p>&#8230;ist beh\u00f6rdlich zertifiziert<br \/>\n&#8230;arbeitet pr\u00e4zise nach Ihren Vorgaben :<\/p>\n<p>Stichprobenkontrollen nach DIN-Vorschrift <b><u>oder<\/u><\/b> permanente Kontrolle w\u00e4hrend der Fertigung <b><u>oder<\/u><\/b> nur Endkontrolle bei Container-Verladung[\/vc_custom_heading][vc_column_text uncode_shortcode_id=&#8220;186958&#8243;][\/vc_column_text][\/vc_column_inner][\/vc_row_inner][vc_row_inner row_inner_height_percent=&#8220;0&#8243; overlay_alpha=&#8220;50&#8243; gutter_size=&#8220;4&#8243; shift_y=&#8220;0&#8243; z_index=&#8220;0&#8243; limit_content=&#8220;&#8220;][vc_column_inner column_width_percent=&#8220;100&#8243; gutter_size=&#8220;3&#8243; overlay_alpha=&#8220;50&#8243; shift_x=&#8220;0&#8243; shift_y=&#8220;0&#8243; shift_y_down=&#8220;0&#8243; z_index=&#8220;0&#8243; medium_width=&#8220;0&#8243; mobile_width=&#8220;0&#8243; width=&#8220;1\/2&#8243; uncode_shortcode_id=&#8220;152586&#8243;][vc_custom_heading heading_semantic=&#8220;h3&#8243; text_size=&#8220;h3&#8243; uncode_shortcode_id=&#8220;198011&#8243;]Wir arbeiten mit vielen namhaften europ\u00e4ischen Importeuren zusammen.<\/p>\n<p>&nbsp;<\/p>\n<p>Genauere Referenzen teilen wir Ihnen gern in einem pers\u00f6nlichen Gespr\u00e4ch mit.[\/vc_custom_heading][\/vc_column_inner][vc_column_inner column_width_percent=&#8220;100&#8243; gutter_size=&#8220;3&#8243; overlay_alpha=&#8220;50&#8243; shift_x=&#8220;0&#8243; shift_y=&#8220;0&#8243; shift_y_down=&#8220;0&#8243; z_index=&#8220;0&#8243; medium_width=&#8220;0&#8243; mobile_width=&#8220;0&#8243; width=&#8220;1\/2&#8243; uncode_shortcode_id=&#8220;879875&#8243;][vc_single_image media=&#8220;103211&#8243; media_width_percent=&#8220;100&#8243; css_animation=&#8220;zoom-out&#8220; uncode_shortcode_id=&#8220;120940&#8243;][\/vc_column_inner][\/vc_row_inner][\/vc_column][\/vc_row][vc_row row_height_percent=&#8220;0&#8243; back_color=&#8220;color-xsdn&#8220; overlay_alpha=&#8220;50&#8243; gutter_size=&#8220;3&#8243; column_width_percent=&#8220;100&#8243; shift_y=&#8220;0&#8243; z_index=&#8220;0&#8243; uncode_shortcode_id=&#8220;655520&#8243; back_color_type=&#8220;uncode-palette&#8220;][vc_column column_width_percent=&#8220;100&#8243; align_horizontal=&#8220;align_center&#8220; gutter_size=&#8220;3&#8243; overlay_alpha=&#8220;50&#8243; shift_x=&#8220;0&#8243; shift_y=&#8220;0&#8243; shift_y_down=&#8220;0&#8243; z_index=&#8220;0&#8243; medium_width=&#8220;0&#8243; mobile_width=&#8220;0&#8243; width=&#8220;1\/1&#8243; uncode_shortcode_id=&#8220;207764&#8243;][vc_empty_space empty_h=&#8220;2&#8243;][\/vc_column][\/vc_row][vc_row unlock_row_content=&#8220;yes&#8220; row_height_percent=&#8220;0&#8243; override_padding=&#8220;yes&#8220; h_padding=&#8220;0&#8243; top_padding=&#8220;0&#8243; bottom_padding=&#8220;0&#8243; back_color=&#8220;color-wayh&#8220; overlay_alpha=&#8220;50&#8243; equal_height=&#8220;yes&#8220; gutter_size=&#8220;0&#8243; column_width_percent=&#8220;100&#8243; shift_y=&#8220;0&#8243; z_index=&#8220;0&#8243; desktop_visibility=&#8220;yes&#8220; medium_visibility=&#8220;yes&#8220; mobile_visibility=&#8220;yes&#8220; uncode_shortcode_id=&#8220;192623&#8243; back_color_type=&#8220;uncode-palette&#8220;][vc_column column_width_percent=&#8220;100&#8243; gutter_size=&#8220;3&#8243; override_padding=&#8220;yes&#8220; column_padding=&#8220;3&#8243; style=&#8220;dark&#8220; overlay_alpha=&#8220;50&#8243; shift_x=&#8220;0&#8243; shift_y=&#8220;0&#8243; shift_y_down=&#8220;0&#8243; z_index=&#8220;0&#8243; medium_width=&#8220;0&#8243; mobile_width=&#8220;0&#8243; width=&#8220;1\/1&#8243; uncode_shortcode_id=&#8220;149160&#8243;][vc_custom_heading text_color=&#8220;color-xsdn&#8220; heading_semantic=&#8220;h6&#8243; text_size=&#8220;h6&#8243; text_transform=&#8220;uppercase&#8220; uncode_shortcode_id=&#8220;813313&#8243; text_color_type=&#8220;uncode-palette&#8220;]Transparente Abl\u00e4ufe[\/vc_custom_heading][vc_custom_heading uncode_shortcode_id=&#8220;251328&#8243;]Risikolos und professionell[\/vc_custom_heading][vc_empty_space empty_h=&#8220;1&#8243;][vc_row_inner limit_content=&#8220;&#8220;][vc_column_inner column_width_percent=&#8220;100&#8243; gutter_size=&#8220;3&#8243; style=&#8220;dark&#8220; overlay_alpha=&#8220;50&#8243; shift_x=&#8220;0&#8243; shift_y=&#8220;0&#8243; shift_y_down=&#8220;0&#8243; z_index=&#8220;0&#8243; medium_width=&#8220;4&#8243; mobile_width=&#8220;0&#8243; width=&#8220;1\/2&#8243;][vc_custom_heading heading_semantic=&#8220;h3&#8243; text_size=&#8220;h6&#8243; subheading=&#8220;Wir pr\u00fcfen die technische und organisatorische Leistungsf\u00e4higkeit Ihrer Lieferanten in unseren Audits und helfen Ihnen bei der richtigen Lieferantenauswahl.&#8220; uncode_shortcode_id=&#8220;145201&#8243;]<strong>Lieferantenaudit<\/strong>[\/vc_custom_heading][\/vc_column_inner][vc_column_inner column_width_percent=&#8220;100&#8243; gutter_size=&#8220;3&#8243; style=&#8220;dark&#8220; overlay_alpha=&#8220;50&#8243; shift_x=&#8220;0&#8243; shift_y=&#8220;0&#8243; shift_y_down=&#8220;0&#8243; z_index=&#8220;0&#8243; medium_width=&#8220;4&#8243; mobile_width=&#8220;0&#8243; width=&#8220;1\/2&#8243;][vc_custom_heading heading_semantic=&#8220;h3&#8243; text_size=&#8220;h6&#8243; subheading=&#8220;Lassen Sie eine Vollpr\u00fcfung Ihrer Erstmuster vor beginn der Fertigung durchf\u00fchren, um Fehler in der Produktion zu verhindern und die Einhaltung von Vereinbarungen zu gew\u00e4hrleisten.&#8220; uncode_shortcode_id=&#8220;612785&#8243;]<strong>Erstmusterpr\u00fcfung<\/strong>[\/vc_custom_heading][\/vc_column_inner][\/vc_row_inner][vc_separator sep_color=&#8220;&#8220; uncode_shortcode_id=&#8220;131477&#8243;][vc_row_inner limit_content=&#8220;&#8220;][vc_column_inner column_width_percent=&#8220;100&#8243; gutter_size=&#8220;3&#8243; style=&#8220;dark&#8220; overlay_alpha=&#8220;50&#8243; shift_x=&#8220;0&#8243; shift_y=&#8220;0&#8243; shift_y_down=&#8220;0&#8243; z_index=&#8220;0&#8243; medium_width=&#8220;4&#8243; mobile_width=&#8220;0&#8243; width=&#8220;1\/2&#8243;][vc_custom_heading heading_semantic=&#8220;h3&#8243; text_size=&#8220;h6&#8243; subheading=&#8220;Durch eine Qualit\u00e4tskontrolle vor Beginn der Produktion stellen Sie sicher, dass alle Materialien und Komponenten , den vorab freigegebenen Mustern entsprechen.&#8220; uncode_shortcode_id=&#8220;100832&#8243;]Qualit\u00e4tskontrolle vor Produktionsbeginn[\/vc_custom_heading][\/vc_column_inner][vc_column_inner column_width_percent=&#8220;100&#8243; gutter_size=&#8220;3&#8243; style=&#8220;dark&#8220; overlay_alpha=&#8220;50&#8243; shift_x=&#8220;0&#8243; shift_y=&#8220;0&#8243; shift_y_down=&#8220;0&#8243; z_index=&#8220;0&#8243; medium_width=&#8220;4&#8243; mobile_width=&#8220;0&#8243; width=&#8220;1\/2&#8243;][vc_custom_heading heading_semantic=&#8220;h3&#8243; text_size=&#8220;h6&#8243; subheading=&#8220;Wir sind f\u00fcr Sie w\u00e4hrend des Fertigungsprozesses vor Ort und pr\u00fcfen die Abl\u00e4ufe und Qualit\u00e4t und nehmen -wenn n\u00f6tig- Anpassungen vor.&#8220; uncode_shortcode_id=&#8220;181608&#8243;]Fertigungs\u00fcberwachung[\/vc_custom_heading][\/vc_column_inner][\/vc_row_inner][vc_separator sep_color=&#8220;&#8220; uncode_shortcode_id=&#8220;131477&#8243;][vc_row_inner limit_content=&#8220;&#8220;][vc_column_inner column_width_percent=&#8220;100&#8243; gutter_size=&#8220;3&#8243; style=&#8220;dark&#8220; overlay_alpha=&#8220;50&#8243; shift_x=&#8220;0&#8243; shift_y=&#8220;0&#8243; shift_y_down=&#8220;0&#8243; z_index=&#8220;0&#8243; medium_width=&#8220;4&#8243; mobile_width=&#8220;0&#8243; width=&#8220;1\/2&#8243;][vc_custom_heading heading_semantic=&#8220;h3&#8243; text_size=&#8220;h6&#8243; subheading=&#8220;Nach der Produktion f\u00fchren wir gr\u00fcndliche Abnahmen durch. So wird sichergestellt, dass das Produkt den Mustern entspricht.&#8220; uncode_shortcode_id=&#8220;148456&#8243;]Qualit\u00e4tskontrolle der Endprodukte[\/vc_custom_heading][\/vc_column_inner][vc_column_inner column_width_percent=&#8220;100&#8243; gutter_size=&#8220;3&#8243; style=&#8220;dark&#8220; overlay_alpha=&#8220;50&#8243; shift_x=&#8220;0&#8243; shift_y=&#8220;0&#8243; shift_y_down=&#8220;0&#8243; z_index=&#8220;0&#8243; medium_width=&#8220;4&#8243; mobile_width=&#8220;0&#8243; width=&#8220;1\/2&#8243;][vc_custom_heading heading_semantic=&#8220;h3&#8243; text_size=&#8220;h6&#8243; subheading=&#8220;Um einen reibungslosen und sicheren Transport zu gew\u00e4hrleisten, \u00fcberwachen wir den Versandablauf bis zur Containerverladung.&#8220; uncode_shortcode_id=&#8220;814336&#8243;]Versandkontrolle[\/vc_custom_heading][\/vc_column_inner][\/vc_row_inner][\/vc_column][\/vc_row][vc_row unlock_row_content=&#8220;yes&#8220; row_height_percent=&#8220;0&#8243; override_padding=&#8220;yes&#8220; h_padding=&#8220;4&#8243; top_padding=&#8220;2&#8243; bottom_padding=&#8220;2&#8243; overlay_alpha=&#8220;50&#8243; gutter_size=&#8220;3&#8243; column_width_percent=&#8220;100&#8243; shift_y=&#8220;0&#8243; z_index=&#8220;0&#8243; uncode_shortcode_id=&#8220;855613&#8243;][vc_column column_width_percent=&#8220;100&#8243; align_horizontal=&#8220;align_center&#8220; gutter_size=&#8220;3&#8243; overlay_alpha=&#8220;50&#8243; shift_x=&#8220;0&#8243; shift_y=&#8220;0&#8243; shift_y_down=&#8220;0&#8243; z_index=&#8220;0&#8243; medium_width=&#8220;0&#8243; mobile_width=&#8220;0&#8243; width=&#8220;1\/1&#8243; uncode_shortcode_id=&#8220;162264&#8243;][vc_empty_space empty_h=&#8220;2&#8243;][vc_custom_heading text_color=&#8220;color-xsdn&#8220; uncode_shortcode_id=&#8220;550327&#8243; text_color_type=&#8220;uncode-palette&#8220;]Durch unsere langj\u00e4hrige Erfahrung in China k\u00f6nnen wir auf Wunsch bei einer eventuell notwendigen Lieferantenauswahl behilflich sein.[\/vc_custom_heading][vc_empty_space empty_h=&#8220;2&#8243;][vc_custom_heading text_color=&#8220;color-xsdn&#8220; uncode_shortcode_id=&#8220;161917&#8243; text_color_type=&#8220;uncode-palette&#8220;]Der von Ihnen gew\u00fcnschte Qualit\u00e4tskontrollvorgang wird mit Ihnen detailliert abgestimmt.[\/vc_custom_heading][vc_empty_space empty_h=&#8220;2&#8243;][vc_custom_heading text_color=&#8220;color-xsdn&#8220; uncode_shortcode_id=&#8220;946037&#8243; text_color_type=&#8220;uncode-palette&#8220;]Wir senden Ihnen den Inspektionsbericht <b><u>bevor<\/u><\/b> Sie die Ware bei Ihrem Lieferanten bezahlen.[\/vc_custom_heading][vc_empty_space empty_h=&#8220;2&#8243;][vc_custom_heading text_color=&#8220;color-xsdn&#8220; uncode_shortcode_id=&#8220;194321&#8243; text_color_type=&#8220;uncode-palette&#8220;]Je nach Kontrollumfang und Pr\u00fcfungsort beginnen unsere Tagess\u00e4tze pro Person ab USD195. Eine Abrechnung auf Provisionsbasis ist ebenfalls m\u00f6glich.[\/vc_custom_heading][vc_empty_space empty_h=&#8220;2&#8243;][\/vc_column][\/vc_row][vc_row row_height_percent=&#8220;100&#8243; back_color=&#8220;color-nhtu&#8220; back_image=&#8220;103302&#8243; back_position=&#8220;center bottom&#8220; overlay_color=&#8220;color-nhtu&#8220; overlay_alpha=&#8220;80&#8243; equal_height=&#8220;yes&#8220; gutter_size=&#8220;0&#8243; column_width_use_pixel=&#8220;yes&#8220; shift_y=&#8220;0&#8243; z_index=&#8220;0&#8243; row_name=&#8220;Contact&#8220; uncode_shortcode_id=&#8220;171332&#8243; back_color_type=&#8220;uncode-palette&#8220; overlay_color_type=&#8220;uncode-palette&#8220;][vc_column column_width_percent=&#8220;100&#8243; position_vertical=&#8220;middle&#8220; align_horizontal=&#8220;align_center&#8220; gutter_size=&#8220;3&#8243; style=&#8220;dark&#8220; overlay_alpha=&#8220;50&#8243; shift_x=&#8220;0&#8243; shift_y=&#8220;0&#8243; shift_y_down=&#8220;0&#8243; z_index=&#8220;0&#8243; medium_width=&#8220;0&#8243; mobile_width=&#8220;0&#8243; css_animation=&#8220;bottom-t-top&#8220; animation_speed=&#8220;1000&#8243; width=&#8220;1\/1&#8243; uncode_shortcode_id=&#8220;234896&#8243;][vc_custom_heading uncode_shortcode_id=&#8220;196474&#8243;]\u00dcber Ihre Kontaktaufnahme w\u00fcrden wir uns sehr freuen![\/vc_custom_heading][vc_button size=&#8220;btn-lg&#8220; radius=&#8220;btn-circle&#8220; custom_typo=&#8220;yes&#8220; font_family=&#8220;font-555555&#8243; font_weight=&#8220;500&#8243; border_width=&#8220;0&#8243; css_animation=&#8220;bottom-t-top&#8220; animation_speed=&#8220;1000&#8243; animation_delay=&#8220;200&#8243; link=&#8220;url:https%3A%2F%2Fapecqm-ltd.com%2F%3Fpage_id%3D103298|title:Kontakt%20aufnehmen|target:_blank&#8220; uncode_shortcode_id=&#8220;142452&#8243;]Termin f\u00fcr ein Erstgespr\u00e4ch anfragen[\/vc_button][\/vc_column][\/vc_row][vc_row row_height_percent=&#8220;0&#8243; override_padding=&#8220;yes&#8220; h_padding=&#8220;2&#8243; top_padding=&#8220;6&#8243; bottom_padding=&#8220;6&#8243; back_color=&#8220;color-wayh&#8220; overlay_alpha=&#8220;50&#8243; gutter_size=&#8220;4&#8243; column_width_percent=&#8220;100&#8243; shift_y=&#8220;0&#8243; z_index=&#8220;0&#8243; uncode_shortcode_id=&#8220;101733&#8243; back_color_type=&#8220;uncode-palette&#8220;][vc_column column_width_percent=&#8220;100&#8243; gutter_size=&#8220;3&#8243; style=&#8220;dark&#8220; overlay_alpha=&#8220;50&#8243; shift_x=&#8220;0&#8243; shift_y=&#8220;0&#8243; shift_y_down=&#8220;0&#8243; z_index=&#8220;0&#8243; medium_width=&#8220;0&#8243; mobile_width=&#8220;0&#8243; width=&#8220;3\/12&#8243;][vc_single_image media=&#8220;103224&#8243; media_width_use_pixel=&#8220;yes&#8220; media_width_pixel=&#8220;150&#8243; uncode_shortcode_id=&#8220;165985&#8243;][\/vc_column][vc_column column_width_percent=&#8220;100&#8243; gutter_size=&#8220;4&#8243; style=&#8220;dark&#8220; overlay_alpha=&#8220;50&#8243; shift_x=&#8220;0&#8243; shift_y=&#8220;0&#8243; shift_y_down=&#8220;0&#8243; z_index=&#8220;0&#8243; medium_width=&#8220;0&#8243; mobile_width=&#8220;0&#8243; width=&#8220;9\/12&#8243; uncode_shortcode_id=&#8220;125982&#8243;][vc_row_inner row_inner_height_percent=&#8220;0&#8243; overlay_alpha=&#8220;50&#8243; gutter_size=&#8220;4&#8243; shift_y=&#8220;0&#8243; z_index=&#8220;0&#8243; limit_content=&#8220;&#8220;][vc_column_inner column_width_percent=&#8220;100&#8243; gutter_size=&#8220;2&#8243; style=&#8220;dark&#8220; overlay_alpha=&#8220;50&#8243; shift_x=&#8220;0&#8243; shift_y=&#8220;0&#8243; shift_y_down=&#8220;0&#8243; z_index=&#8220;0&#8243; medium_width=&#8220;3&#8243; mobile_width=&#8220;0&#8243; width=&#8220;1\/3&#8243; uncode_shortcode_id=&#8220;206029&#8243;][vc_custom_heading text_color=&#8220;color-wvjs&#8220; heading_semantic=&#8220;h6&#8243; text_size=&#8220;h6&#8243; text_transform=&#8220;uppercase&#8220; uncode_shortcode_id=&#8220;159211&#8243; text_color_type=&#8220;uncode-palette&#8220;]Business[\/vc_custom_heading][vc_custom_heading heading_semantic=&#8220;h4&#8243; text_size=&#8220;h5&#8243; uncode_shortcode_id=&#8220;127617&#8243;]General Inquiries[\/vc_custom_heading][vc_column_text uncode_shortcode_id=&#8220;980500&#8243;]info@apec-qm.com.hk[\/vc_column_text][\/vc_column_inner][vc_column_inner column_width_percent=&#8220;100&#8243; gutter_size=&#8220;2&#8243; style=&#8220;dark&#8220; overlay_alpha=&#8220;50&#8243; shift_x=&#8220;0&#8243; shift_y=&#8220;0&#8243; shift_y_down=&#8220;0&#8243; z_index=&#8220;0&#8243; medium_width=&#8220;3&#8243; mobile_width=&#8220;0&#8243; width=&#8220;1\/3&#8243; uncode_shortcode_id=&#8220;146594&#8243;][vc_custom_heading text_color=&#8220;color-wvjs&#8220; heading_semantic=&#8220;h6&#8243; text_size=&#8220;h6&#8243; text_transform=&#8220;uppercase&#8220; uncode_shortcode_id=&#8220;537958&#8243; text_color_type=&#8220;uncode-palette&#8220;]Support[\/vc_custom_heading][vc_custom_heading heading_semantic=&#8220;h4&#8243; text_size=&#8220;h5&#8243; uncode_shortcode_id=&#8220;196871&#8243;]Help Center[\/vc_custom_heading][vc_column_text uncode_shortcode_id=&#8220;151687&#8243;]info@apec-qm.com.hk[\/vc_column_text][\/vc_column_inner][vc_column_inner column_width_percent=&#8220;100&#8243; gutter_size=&#8220;2&#8243; style=&#8220;dark&#8220; overlay_alpha=&#8220;50&#8243; shift_x=&#8220;0&#8243; shift_y=&#8220;0&#8243; shift_y_down=&#8220;0&#8243; z_index=&#8220;0&#8243; medium_width=&#8220;3&#8243; mobile_width=&#8220;0&#8243; width=&#8220;1\/3&#8243; uncode_shortcode_id=&#8220;208342&#8243;][vc_custom_heading text_color=&#8220;color-wvjs&#8220; heading_semantic=&#8220;h6&#8243; text_size=&#8220;h6&#8243; text_transform=&#8220;uppercase&#8220; uncode_shortcode_id=&#8220;123703&#8243; text_color_type=&#8220;uncode-palette&#8220;]Meet us[\/vc_custom_heading][vc_custom_heading heading_semantic=&#8220;h4&#8243; text_size=&#8220;h5&#8243; uncode_shortcode_id=&#8220;158354&#8243;]Social Profiles[\/vc_custom_heading][uncode_socials][\/vc_column_inner][\/vc_row_inner][vc_separator sep_color=&#8220;color-prif&#8220; uncode_shortcode_id=&#8220;104766&#8243; sep_color_type=&#8220;uncode-palette&#8220;][vc_row_inner row_inner_height_percent=&#8220;0&#8243; overlay_alpha=&#8220;50&#8243; gutter_size=&#8220;4&#8243; shift_y=&#8220;0&#8243; z_index=&#8220;0&#8243; limit_content=&#8220;&#8220;][vc_column_inner column_width_percent=&#8220;100&#8243; gutter_size=&#8220;2&#8243; style=&#8220;dark&#8220; overlay_alpha=&#8220;50&#8243; shift_x=&#8220;0&#8243; shift_y=&#8220;0&#8243; shift_y_down=&#8220;0&#8243; z_index=&#8220;0&#8243; medium_width=&#8220;3&#8243; mobile_width=&#8220;0&#8243; width=&#8220;1\/4&#8243; uncode_shortcode_id=&#8220;200169&#8243;][vc_custom_heading heading_semantic=&#8220;h4&#8243; text_size=&#8220;h5&#8243; uncode_shortcode_id=&#8220;877484&#8243;]Dongguan[\/vc_custom_heading][vc_column_text uncode_shortcode_id=&#8220;158774&#8243;]Room 1301-1302, Tower D, Central Wealth Building, 200 Hongfu Road, Nancheng area, Dongguan City, GuangDong Province, CHINA<\/p>\n<p>+86 769 3900 8199<br \/>\n+86 769 2302 3661<\/p>\n<p>edda-dg@apec-qm.com.hk[\/vc_column_text][\/vc_column_inner][vc_column_inner column_width_percent=&#8220;100&#8243; gutter_size=&#8220;2&#8243; overlay_alpha=&#8220;50&#8243; shift_x=&#8220;0&#8243; shift_y=&#8220;0&#8243; shift_y_down=&#8220;0&#8243; z_index=&#8220;0&#8243; medium_width=&#8220;0&#8243; mobile_width=&#8220;0&#8243; width=&#8220;1\/4&#8243; uncode_shortcode_id=&#8220;464324&#8243;][vc_custom_heading text_color=&#8220;color-xsdn&#8220; heading_semantic=&#8220;h4&#8243; text_size=&#8220;h5&#8243; uncode_shortcode_id=&#8220;207894&#8243; text_color_type=&#8220;uncode-palette&#8220;]Hong Kong[\/vc_custom_heading][vc_column_text text_color=&#8220;color-xsdn&#8220; uncode_shortcode_id=&#8220;210306&#8243; text_color_type=&#8220;uncode-palette&#8220;]Room 1303, 13\/F Park Tower 15 Austin Road Kowloon, Hong Kong<\/p>\n<p>+852 2737 2366<br \/>\n+852 2737 2271[\/vc_column_text][\/vc_column_inner][\/vc_row_inner][\/vc_column][\/vc_row]<\/p>\n","protected":false},"excerpt":{"rendered":"<p>[vc_row unlock_row_content=&#8220;yes&#8220; row_height_percent=&#8220;100&#8243; override_padding=&#8220;yes&#8220; h_padding=&#8220;2&#8243; top_padding=&#8220;3&#8243; bottom_padding=&#8220;5&#8243; back_image=&#8220;103302&#8243; overlay_color=&#8220;color-jevc&#8220; overlay_alpha=&#8220;31&#8243; equal_height=&#8220;yes&#8220; gutter_size=&#8220;0&#8243; column_width_use_pixel=&#8220;yes&#8220; shift_y=&#8220;0&#8243; z_index=&#8220;0&#8243; row_name=&#8220;Welcome&#8220; uncode_shortcode_id=&#8220;848962&#8243; overlay_color_type=&#8220;uncode-palette&#8220;][vc_column column_width_percent=&#8220;100&#8243; position_vertical=&#8220;middle&#8220; [&hellip;]<\/p>\n","protected":false},"author":1,"featured_media":99673,"parent":0,"menu_order":0,"comment_status":"closed","ping_status":"closed","template":"","meta":{"footnotes":""},"class_list":["post-65550","page","type-page","status-publish","has-post-thumbnail","hentry","page_category-classic"],"_links":{"self":[{"href":"https:\/\/apecqm-ltd.com\/index.php?rest_route=\/wp\/v2\/pages\/65550","targetHints":{"allow":["GET"]}}],"collection":[{"href":"https:\/\/apecqm-ltd.com\/index.php?rest_route=\/wp\/v2\/pages"}],"about":[{"href":"https:\/\/apecqm-ltd.com\/index.php?rest_route=\/wp\/v2\/types\/page"}],"author":[{"embeddable":true,"href":"https:\/\/apecqm-ltd.com\/index.php?rest_route=\/wp\/v2\/users\/1"}],"replies":[{"embeddable":true,"href":"https:\/\/apecqm-ltd.com\/index.php?rest_route=%2Fwp%2Fv2%2Fcomments&post=65550"}],"version-history":[{"count":171,"href":"https:\/\/apecqm-ltd.com\/index.php?rest_route=\/wp\/v2\/pages\/65550\/revisions"}],"predecessor-version":[{"id":104170,"href":"https:\/\/apecqm-ltd.com\/index.php?rest_route=\/wp\/v2\/pages\/65550\/revisions\/104170"}],"wp:featuredmedia":[{"embeddable":true,"href":"https:\/\/apecqm-ltd.com\/index.php?rest_route=\/wp\/v2\/media\/99673"}],"wp:attachment":[{"href":"https:\/\/apecqm-ltd.com\/index.php?rest_route=%2Fwp%2Fv2%2Fmedia&parent=65550"}],"curies":[{"name":"wp","href":"https:\/\/api.w.org\/{rel}","templated":true}]}}