{"id":104104,"date":"2022-05-16T08:39:54","date_gmt":"2022-05-16T06:39:54","guid":{"rendered":"https:\/\/apecqm.com\/?page_id=104104"},"modified":"2025-02-07T14:08:04","modified_gmt":"2025-02-07T13:08:04","slug":"imprimir","status":"publish","type":"page","link":"https:\/\/apecqm-ltd.com\/?page_id=104104&lang=es","title":{"rendered":"Imprimir"},"content":{"rendered":"<p>[vc_row row_height_percent=&#8220;100&#8243; override_padding=&#8220;yes&#8220; h_padding=&#8220;3&#8243; top_padding=&#8220;5&#8243; bottom_padding=&#8220;5&#8243; overlay_alpha=&#8220;100&#8243; gutter_size=&#8220;3&#8243; column_width_percent=&#8220;100&#8243; shift_y=&#8220;0&#8243; z_index=&#8220;0&#8243; enable_bottom_divider=&#8220;default&#8220; bottom_divider=&#8220;gradient&#8220; shape_bottom_h_use_pixel=&#8220;true&#8220; shape_bottom_height_percent=&#8220;100&#8243; shape_bottom_color=&#8220;color-nhtu&#8220; shape_bottom_opacity=&#8220;100&#8243; shape_bottom_index=&#8220;0&#8243; uncode_shortcode_id=&#8220;487262&#8243; shape_bottom_color_type=&#8220;uncode-palette&#8220;][vc_column column_width_percent=&#8220;100&#8243; position_vertical=&#8220;middle&#8220; align_horizontal=&#8220;align_center&#8220; gutter_size=&#8220;2&#8243; style=&#8220;dark&#8220; overlay_alpha=&#8220;50&#8243; shift_x=&#8220;0&#8243; shift_y=&#8220;0&#8243; shift_y_down=&#8220;0&#8243; z_index=&#8220;0&#8243; medium_width=&#8220;0&#8243; mobile_width=&#8220;0&#8243; css_animation=&#8220;bottom-t-top&#8220; width=&#8220;1\/1&#8243; uncode_shortcode_id=&#8220;150402&#8243;][vc_row_inner limit_content=&#8220;&#8220;][vc_column_inner column_width_percent=&#8220;100&#8243; align_horizontal=&#8220;align_center&#8220; gutter_size=&#8220;3&#8243; overlay_alpha=&#8220;50&#8243; shift_x=&#8220;0&#8243; shift_y=&#8220;0&#8243; shift_y_down=&#8220;0&#8243; z_index=&#8220;0&#8243; medium_width=&#8220;0&#8243; mobile_width=&#8220;0&#8243; width=&#8220;1\/1&#8243; uncode_shortcode_id=&#8220;105439&#8243;][vc_custom_heading text_color=&#8220;color-xsdn&#8220; heading_semantic=&#8220;h1&#8243; text_size=&#8220;h1&#8243; text_weight=&#8220;500&#8243; css_animation=&#8220;top-t-bottom&#8220; animation_speed=&#8220;100&#8243; title=&#8220;&#8220; uncode_shortcode_id=&#8220;141765&#8243; text_color_type=&#8220;uncode-palette&#8220;]<\/p>\n<p id=\"tw-target-text\" class=\"tw-data-text tw-text-large tw-ta\" dir=\"ltr\" data-placeholder=\"\u00dcbersetzung\"><span class=\"Y2IQFc\" lang=\"es\">Imprimir<\/span><\/p>\n<p>[\/vc_custom_heading][\/vc_column_inner][\/vc_row_inner][\/vc_column][\/vc_row][vc_row][vc_column width=&#8220;1\/1&#8243;][vc_column_text uncode_shortcode_id=&#8220;194140&#8243;]<\/p>\n<p id=\"tw-target-text\" class=\"tw-data-text tw-text-large tw-ta\" dir=\"ltr\" data-placeholder=\"\u00dcbersetzung\"><span class=\"Y2IQFc\" lang=\"es\">Seg\u00fan \u00a7 5 TMG<\/span><\/p>\n<p>APEC-QM<br \/>\nRoom 1303,13\/F<br \/>\nPark Tower 15<br \/>\nAustin Road Kowloon<br \/>\nHong Kong<\/p>\n<p id=\"tw-target-text\" class=\"tw-data-text tw-text-large tw-ta\" dir=\"ltr\" data-placeholder=\"\u00dcbersetzung\"><span class=\"Y2IQFc\" lang=\"es\">Contacto Tel\u00e9fono: +852 2737 2366<br \/>\n+852 2737 2271 Correo electr\u00f3nico: info@apec-qm.com.hk Soluci\u00f3n de controversias de la UE La Comisi\u00f3n Europea proporciona una plataforma para la resoluci\u00f3n de disputas (OS) en l\u00ednea: https:\/\/ec.europa.eu\/consumers\/odr\/. Nuestra direcci\u00f3n de correo electr\u00f3nico se puede encontrar arriba en la impresi\u00f3n. Resoluci\u00f3n de disputas del consumidor\/Junta de arbitraje universal No estamos dispuestos ni obligados a participar en procedimientos de resoluci\u00f3n de disputas ante una junta de arbitraje de consumidores. Fuente: e-recht24.de<\/span><\/p>\n<p>[\/vc_column_text][\/vc_column][\/vc_row][vc_row row_height_percent=&#8220;0&#8243; override_padding=&#8220;yes&#8220; h_padding=&#8220;2&#8243; top_padding=&#8220;6&#8243; bottom_padding=&#8220;6&#8243; back_color=&#8220;color-wayh&#8220; overlay_alpha=&#8220;50&#8243; gutter_size=&#8220;4&#8243; column_width_percent=&#8220;100&#8243; shift_y=&#8220;0&#8243; z_index=&#8220;0&#8243; uncode_shortcode_id=&#8220;101733&#8243; back_color_type=&#8220;uncode-palette&#8220;][vc_column column_width_percent=&#8220;100&#8243; gutter_size=&#8220;3&#8243; style=&#8220;dark&#8220; overlay_alpha=&#8220;50&#8243; shift_x=&#8220;0&#8243; shift_y=&#8220;0&#8243; shift_y_down=&#8220;0&#8243; z_index=&#8220;0&#8243; medium_width=&#8220;0&#8243; mobile_width=&#8220;0&#8243; width=&#8220;3\/12&#8243;][vc_single_image media=&#8220;103224&#8243; media_width_use_pixel=&#8220;yes&#8220; media_width_pixel=&#8220;150&#8243; uncode_shortcode_id=&#8220;165985&#8243;][\/vc_column][vc_column column_width_percent=&#8220;100&#8243; gutter_size=&#8220;4&#8243; style=&#8220;dark&#8220; overlay_alpha=&#8220;50&#8243; shift_x=&#8220;0&#8243; shift_y=&#8220;0&#8243; shift_y_down=&#8220;0&#8243; z_index=&#8220;0&#8243; medium_width=&#8220;0&#8243; mobile_width=&#8220;0&#8243; width=&#8220;9\/12&#8243; uncode_shortcode_id=&#8220;125982&#8243;][vc_row_inner row_inner_height_percent=&#8220;0&#8243; overlay_alpha=&#8220;50&#8243; gutter_size=&#8220;4&#8243; shift_y=&#8220;0&#8243; z_index=&#8220;0&#8243; limit_content=&#8220;&#8220;][vc_column_inner column_width_percent=&#8220;100&#8243; gutter_size=&#8220;2&#8243; style=&#8220;dark&#8220; overlay_alpha=&#8220;50&#8243; shift_x=&#8220;0&#8243; shift_y=&#8220;0&#8243; shift_y_down=&#8220;0&#8243; z_index=&#8220;0&#8243; medium_width=&#8220;3&#8243; mobile_width=&#8220;0&#8243; width=&#8220;1\/3&#8243; uncode_shortcode_id=&#8220;206029&#8243;][vc_custom_heading text_color=&#8220;color-wvjs&#8220; heading_semantic=&#8220;h6&#8243; text_size=&#8220;h6&#8243; text_transform=&#8220;uppercase&#8220; uncode_shortcode_id=&#8220;159211&#8243; text_color_type=&#8220;uncode-palette&#8220;]Business[\/vc_custom_heading][vc_custom_heading heading_semantic=&#8220;h4&#8243; text_size=&#8220;h5&#8243; uncode_shortcode_id=&#8220;127617&#8243;]General Inquiries[\/vc_custom_heading][vc_column_text uncode_shortcode_id=&#8220;980500&#8243;]info@apec-qm.com.hk[\/vc_column_text][\/vc_column_inner][vc_column_inner column_width_percent=&#8220;100&#8243; gutter_size=&#8220;2&#8243; style=&#8220;dark&#8220; overlay_alpha=&#8220;50&#8243; shift_x=&#8220;0&#8243; shift_y=&#8220;0&#8243; shift_y_down=&#8220;0&#8243; z_index=&#8220;0&#8243; medium_width=&#8220;3&#8243; mobile_width=&#8220;0&#8243; width=&#8220;1\/3&#8243; uncode_shortcode_id=&#8220;146594&#8243;][vc_custom_heading text_color=&#8220;color-wvjs&#8220; heading_semantic=&#8220;h6&#8243; text_size=&#8220;h6&#8243; text_transform=&#8220;uppercase&#8220; uncode_shortcode_id=&#8220;537958&#8243; text_color_type=&#8220;uncode-palette&#8220;]Support[\/vc_custom_heading][vc_custom_heading heading_semantic=&#8220;h4&#8243; text_size=&#8220;h5&#8243; uncode_shortcode_id=&#8220;196871&#8243;]Help Center[\/vc_custom_heading][vc_column_text uncode_shortcode_id=&#8220;151687&#8243;]info@apec-qm.com.hk[\/vc_column_text][\/vc_column_inner][vc_column_inner column_width_percent=&#8220;100&#8243; gutter_size=&#8220;2&#8243; style=&#8220;dark&#8220; overlay_alpha=&#8220;50&#8243; shift_x=&#8220;0&#8243; shift_y=&#8220;0&#8243; shift_y_down=&#8220;0&#8243; z_index=&#8220;0&#8243; medium_width=&#8220;3&#8243; mobile_width=&#8220;0&#8243; width=&#8220;1\/3&#8243; uncode_shortcode_id=&#8220;208342&#8243;][vc_custom_heading text_color=&#8220;color-wvjs&#8220; heading_semantic=&#8220;h6&#8243; text_size=&#8220;h6&#8243; text_transform=&#8220;uppercase&#8220; uncode_shortcode_id=&#8220;123703&#8243; text_color_type=&#8220;uncode-palette&#8220;]Meet us[\/vc_custom_heading][vc_custom_heading heading_semantic=&#8220;h4&#8243; text_size=&#8220;h5&#8243; uncode_shortcode_id=&#8220;158354&#8243;]Social Profiles[\/vc_custom_heading][uncode_socials][\/vc_column_inner][\/vc_row_inner][vc_separator sep_color=&#8220;color-prif&#8220; uncode_shortcode_id=&#8220;104766&#8243; sep_color_type=&#8220;uncode-palette&#8220;][vc_row_inner row_inner_height_percent=&#8220;0&#8243; overlay_alpha=&#8220;50&#8243; gutter_size=&#8220;4&#8243; shift_y=&#8220;0&#8243; z_index=&#8220;0&#8243; limit_content=&#8220;&#8220;][vc_column_inner column_width_percent=&#8220;100&#8243; gutter_size=&#8220;2&#8243; style=&#8220;dark&#8220; overlay_alpha=&#8220;50&#8243; shift_x=&#8220;0&#8243; shift_y=&#8220;0&#8243; shift_y_down=&#8220;0&#8243; z_index=&#8220;0&#8243; medium_width=&#8220;3&#8243; mobile_width=&#8220;0&#8243; width=&#8220;1\/4&#8243; uncode_shortcode_id=&#8220;200169&#8243;][vc_custom_heading heading_semantic=&#8220;h4&#8243; text_size=&#8220;h5&#8243; uncode_shortcode_id=&#8220;877484&#8243;]Dongguan[\/vc_custom_heading][vc_column_text uncode_shortcode_id=&#8220;158774&#8243;]Room 1301-1302, Tower D, Central Wealth Building, 200 Hongfu Road, Nancheng area, Dongguan City, GuangDong Province, CHINA<\/p>\n<p>+86 769 3900 8199<br \/>\n+86 769 2302 3661<\/p>\n<p>edda-dg@apec-qm.com.hk[\/vc_column_text][\/vc_column_inner][vc_column_inner column_width_percent=&#8220;100&#8243; gutter_size=&#8220;2&#8243; overlay_alpha=&#8220;50&#8243; shift_x=&#8220;0&#8243; shift_y=&#8220;0&#8243; shift_y_down=&#8220;0&#8243; z_index=&#8220;0&#8243; medium_width=&#8220;0&#8243; mobile_width=&#8220;0&#8243; width=&#8220;1\/4&#8243; uncode_shortcode_id=&#8220;464324&#8243;][vc_custom_heading text_color=&#8220;color-xsdn&#8220; heading_semantic=&#8220;h4&#8243; text_size=&#8220;h5&#8243; uncode_shortcode_id=&#8220;207894&#8243; text_color_type=&#8220;uncode-palette&#8220;]Hong Kong[\/vc_custom_heading][vc_column_text text_color=&#8220;color-xsdn&#8220; uncode_shortcode_id=&#8220;210306&#8243; text_color_type=&#8220;uncode-palette&#8220;]Room 1303, 13\/F Park Tower 15 Austin Road Kowloon, Hong Kong<\/p>\n<p>+852 2737 2366<br \/>\n+852 2737 2271[\/vc_column_text][\/vc_column_inner][\/vc_row_inner][\/vc_column][\/vc_row]<\/p>\n","protected":false},"excerpt":{"rendered":"<p>[vc_row row_height_percent=&#8220;100&#8243; override_padding=&#8220;yes&#8220; h_padding=&#8220;3&#8243; top_padding=&#8220;5&#8243; bottom_padding=&#8220;5&#8243; overlay_alpha=&#8220;100&#8243; gutter_size=&#8220;3&#8243; column_width_percent=&#8220;100&#8243; shift_y=&#8220;0&#8243; z_index=&#8220;0&#8243; enable_bottom_divider=&#8220;default&#8220; bottom_divider=&#8220;gradient&#8220; shape_bottom_h_use_pixel=&#8220;true&#8220; shape_bottom_height_percent=&#8220;100&#8243; shape_bottom_color=&#8220;color-nhtu&#8220; shape_bottom_opacity=&#8220;100&#8243; shape_bottom_index=&#8220;0&#8243; uncode_shortcode_id=&#8220;487262&#8243; shape_bottom_color_type=&#8220;uncode-palette&#8220;][vc_column [&hellip;]<\/p>\n","protected":false},"author":1,"featured_media":0,"parent":0,"menu_order":0,"comment_status":"closed","ping_status":"closed","template":"","meta":{"footnotes":""},"class_list":["post-104104","page","type-page","status-publish","hentry"],"_links":{"self":[{"href":"https:\/\/apecqm-ltd.com\/index.php?rest_route=\/wp\/v2\/pages\/104104","targetHints":{"allow":["GET"]}}],"collection":[{"href":"https:\/\/apecqm-ltd.com\/index.php?rest_route=\/wp\/v2\/pages"}],"about":[{"href":"https:\/\/apecqm-ltd.com\/index.php?rest_route=\/wp\/v2\/types\/page"}],"author":[{"embeddable":true,"href":"https:\/\/apecqm-ltd.com\/index.php?rest_route=\/wp\/v2\/users\/1"}],"replies":[{"embeddable":true,"href":"https:\/\/apecqm-ltd.com\/index.php?rest_route=%2Fwp%2Fv2%2Fcomments&post=104104"}],"version-history":[{"count":3,"href":"https:\/\/apecqm-ltd.com\/index.php?rest_route=\/wp\/v2\/pages\/104104\/revisions"}],"predecessor-version":[{"id":104190,"href":"https:\/\/apecqm-ltd.com\/index.php?rest_route=\/wp\/v2\/pages\/104104\/revisions\/104190"}],"wp:attachment":[{"href":"https:\/\/apecqm-ltd.com\/index.php?rest_route=%2Fwp%2Fv2%2Fmedia&parent=104104"}],"curies":[{"name":"wp","href":"https:\/\/api.w.org\/{rel}","templated":true}]}}